{"id":31232,"date":"2025-10-02T12:12:20","date_gmt":"2025-10-02T12:12:20","guid":{"rendered":"https:\/\/ecopackware.com\/?post_type=product&#038;p=31232"},"modified":"2025-10-02T12:18:39","modified_gmt":"2025-10-02T12:18:39","slug":"gobelet-en-carton","status":"publish","type":"product","link":"https:\/\/waterbasedcoatedpaper.cn\/fr\/produit\/gobelet-en-carton\/","title":{"rendered":"Gobelet en carton"},"content":{"rendered":"<h2 class=\"ds-markdown-paragraph\"><strong>Nom du produit:<\/strong>\u00a0Gobelets en papier \u00e9cologiques personnalis\u00e9s | Fabricant de boissons jetables certifi\u00e9 FSC et FDA<\/h2>\n<hr \/>\n<h3 class=\"ds-markdown-paragraph\"><strong>Description du produit<\/strong><\/h3>\n<p class=\"ds-markdown-paragraph\">En tant que fabricant leader de produits jetables respectueux de l&#039;environnement, Champion FMCG se sp\u00e9cialise dans la production de produits de haute qualit\u00e9\u00a0<strong>gobelets en papier personnalis\u00e9s<\/strong>\u00a0alliant durabilit\u00e9 et fonctionnalit\u00e9. Notre usine de fabrication ultramoderne de plus de 20\u00a0000 m\u00b2 est \u00e9quip\u00e9e pour g\u00e9rer tous les aspects de la production, de la conception initiale \u00e0 la livraison finale. Gr\u00e2ce \u00e0 nos solides capacit\u00e9s de production, nous garantissons des d\u00e9lais de livraison rapides et efficaces.\u00a0<strong>10 \u00e0 15 jours<\/strong>\u00a0Pour les commandes inf\u00e9rieures \u00e0 1 million de pi\u00e8ces, nous sommes le partenaire id\u00e9al des entreprises \u00e0 la recherche de solutions de gobelets en carton fiables et \u00e9volutives. Tous nos produits sont fabriqu\u00e9s selon des normes de contr\u00f4le qualit\u00e9 strictes et certifi\u00e9s par\u00a0<strong>FSC et FDA<\/strong>, garantissant \u00e0 la fois la responsabilit\u00e9 environnementale et la s\u00e9curit\u00e9 des produits.<\/p>\n<hr \/>\n<h3 class=\"ds-markdown-paragraph\"><strong>Principales caract\u00e9ristiques et avantages<\/strong><\/h3>\n<ul>\n<li>\n<p class=\"ds-markdown-paragraph\"><strong>Mat\u00e9riaux \u00e9co-certifi\u00e9s<\/strong>:Tous les gobelets en papier sont fabriqu\u00e9s \u00e0 partir de sources durables certifi\u00e9es FSC<\/p>\n<\/li>\n<li>\n<p class=\"ds-markdown-paragraph\"><strong>D\u00e9lai de production rapide<\/strong>:Cycle de production de 10 \u00e0 15 jours pour les commandes standard jusqu&#039;\u00e0 1 million d&#039;unit\u00e9s<\/p>\n<\/li>\n<li>\n<p class=\"ds-markdown-paragraph\"><strong>Personnalisation compl\u00e8te<\/strong>:Service complet de la conception \u00e0 la livraison, y compris l&#039;impression et l&#039;emballage<\/p>\n<\/li>\n<li>\n<p class=\"ds-markdown-paragraph\"><strong>S\u00e9curit\u00e9 conforme aux normes de la FDA<\/strong>:Tous les mat\u00e9riaux r\u00e9pondent aux normes de la FDA en mati\u00e8re de s\u00e9curit\u00e9 du contact alimentaire<\/p>\n<\/li>\n<li>\n<p class=\"ds-markdown-paragraph\"><strong>Capacit\u00e9 \u00e0 volume \u00e9lev\u00e9<\/strong>:Usine de plus de 20 000 m\u00b2 \u00e9quip\u00e9e pour la production \u00e0 grande \u00e9chelle<\/p>\n<\/li>\n<li>\n<p class=\"ds-markdown-paragraph\"><strong>Assurance qualit\u00e9<\/strong>:Contr\u00f4le qualit\u00e9 complet tout au long du processus de fabrication<\/p>\n<\/li>\n<li>\n<p class=\"ds-markdown-paragraph\"><strong>Applications polyvalentes<\/strong>:Convient aux boissons chaudes et froides dans divers secteurs<\/p>\n<\/li>\n<\/ul>\n<hr \/>\n<h3 class=\"ds-markdown-paragraph\"><strong>Capacit\u00e9s de fabrication<\/strong><\/h3>\n<ul>\n<li>\n<p class=\"ds-markdown-paragraph\"><strong>Taille de l&#039;usine<\/strong>: Plus de 20 000 m\u00e8tres carr\u00e9s de surface de production<\/p>\n<\/li>\n<li>\n<p class=\"ds-markdown-paragraph\"><strong>Capacit\u00e9 de production<\/strong>: plus d&#039;un million d&#039;unit\u00e9s par cycle de production<\/p>\n<\/li>\n<li>\n<p class=\"ds-markdown-paragraph\"><strong>D\u00e9lai de mise en \u0153uvre<\/strong>: 10-15 jours pour les commandes standard<\/p>\n<\/li>\n<li>\n<p class=\"ds-markdown-paragraph\"><strong>Services<\/strong>:De bout en bout, du d\u00e9veloppement \u00e0 la livraison<\/p>\n<\/li>\n<li>\n<p class=\"ds-markdown-paragraph\"><strong>Certifications<\/strong>:FSC, FDA et autres normes industrielles pertinentes<\/p>\n<\/li>\n<li>\n<p class=\"ds-markdown-paragraph\"><strong>Personnalisation<\/strong>:Impression compl\u00e8te et personnalisation de la conception disponibles<\/p>\n<\/li>\n<\/ul>\n<hr \/>\n<h3 class=\"ds-markdown-paragraph\"><strong>Appel \u00e0 l&#039;action<\/strong><\/h3>\n<p class=\"ds-markdown-paragraph\">Faites appel \u00e0 un fabricant de gobelets en carton fiable\u00a0! Contactez Champion FMCG d\u00e8s aujourd&#039;hui pour b\u00e9n\u00e9ficier de tarifs comp\u00e9titifs, d&#039;\u00e9chantillons personnalis\u00e9s et de solutions de production performantes. Profitez de nos d\u00e9lais de traitement de 10 \u00e0 15\u00a0jours pour les commandes jusqu&#039;\u00e0 1\u00a0million de pi\u00e8ces.<\/p>\n<p>&nbsp;<\/p>\n<div class=\"protitle1\">Dimensions et emballage<\/div>\n<div class=\"table-responsive text-center\">\n<table class=\"table table-hover table-striped ke-zeroborder tableimg\" style=\"width: 75.7795%; height: 216px;\">\n<tbody>\n<tr class=\"top\" style=\"height: 48px;\">\n<td style=\"height: 48px; width: 17.7646%;\" width=\"180\"><\/td>\n<td style=\"height: 48px; width: 13.6792%; text-align: center;\">Article<\/td>\n<td style=\"height: 48px; width: 32.7451%; text-align: center;\">Dimensions (mm)<br \/>\n<span class=\"tabsubtitle\">(diam\u00e8tre de la tasse en haut * diam\u00e8tre de la tasse en bas * hauteur)<\/span><\/td>\n<td style=\"height: 48px; width: 15.3868%; text-align: center;\">Taille du carton (cm)<\/td>\n<td style=\"height: 48px; width: 8.91947%; text-align: center;\">pi\u00e8ces\/carton<\/td>\n<td style=\"height: 48px; width: 43.06%; text-align: center;\">40HQ (ctns)<\/td>\n<\/tr>\n<tr style=\"height: 24px;\">\n<td style=\"height: 24px; width: 17.7646%;\"><img decoding=\"async\" class=\"alignnone size-full wp-image-31242\" src=\"https:\/\/waterbasedcoatedpaper.cn\/wp-content\/uploads\/2025\/09\/4-paper-cup_08.avif\" alt=\"\" width=\"200\" height=\"220\" srcset=\"https:\/\/waterbasedcoatedpaper.cn\/wp-content\/uploads\/2025\/09\/4-paper-cup_08.avif 200w, https:\/\/waterbasedcoatedpaper.cn\/wp-content\/uploads\/2025\/09\/4-paper-cup_08-11x12.avif 11w, https:\/\/waterbasedcoatedpaper.cn\/wp-content\/uploads\/2025\/09\/4-paper-cup_08-150x165.avif 150w\" sizes=\"(max-width: 200px) 100vw, 200px\" \/><\/td>\n<td style=\"height: 24px; width: 13.6792%; text-align: center;\">RW1-4oz E\/F<\/td>\n<td style=\"height: 24px; width: 32.7451%; text-align: center;\">\u2300 62,1x \u2300 45,3\u00d760,8H<\/td>\n<td style=\"height: 24px; width: 15.3868%; text-align: center;\">46.5&#215;31.5&#215;26<\/td>\n<td style=\"height: 24px; width: 8.91947%; text-align: center;\">500<\/td>\n<td style=\"height: 24px; width: 43.06%; text-align: center;\">1786<\/td>\n<\/tr>\n<tr style=\"height: 24px;\">\n<td style=\"height: 24px; width: 17.7646%;\"><img decoding=\"async\" class=\"alignnone size-full wp-image-31243\" src=\"https:\/\/waterbasedcoatedpaper.cn\/wp-content\/uploads\/2025\/09\/4-paper-cup_09.avif\" alt=\"\" width=\"200\" height=\"220\" srcset=\"https:\/\/waterbasedcoatedpaper.cn\/wp-content\/uploads\/2025\/09\/4-paper-cup_09.avif 200w, https:\/\/waterbasedcoatedpaper.cn\/wp-content\/uploads\/2025\/09\/4-paper-cup_09-11x12.avif 11w, https:\/\/waterbasedcoatedpaper.cn\/wp-content\/uploads\/2025\/09\/4-paper-cup_09-150x165.avif 150w\" sizes=\"(max-width: 200px) 100vw, 200px\" \/><\/td>\n<td style=\"height: 24px; width: 13.6792%; text-align: center;\">RW2-8oz E\/F<\/td>\n<td style=\"height: 24px; width: 32.7451%; text-align: center;\">\u2300 80x \u2300 56\u00d792,5H<\/td>\n<td style=\"height: 24px; width: 15.3868%; text-align: center;\">58x41x33,5<\/td>\n<td style=\"height: 24px; width: 8.91947%; text-align: center;\">500<\/td>\n<td style=\"height: 24px; width: 43.06%; text-align: center;\">854<\/td>\n<\/tr>\n<tr style=\"height: 24px;\">\n<td style=\"height: 24px; width: 17.7646%;\"><img decoding=\"async\" class=\"alignnone size-full wp-image-31244\" src=\"https:\/\/waterbasedcoatedpaper.cn\/wp-content\/uploads\/2025\/09\/4-paper-cup_10.avif\" alt=\"\" width=\"200\" height=\"220\" srcset=\"https:\/\/waterbasedcoatedpaper.cn\/wp-content\/uploads\/2025\/09\/4-paper-cup_10.avif 200w, https:\/\/waterbasedcoatedpaper.cn\/wp-content\/uploads\/2025\/09\/4-paper-cup_10-11x12.avif 11w, https:\/\/waterbasedcoatedpaper.cn\/wp-content\/uploads\/2025\/09\/4-paper-cup_10-150x165.avif 150w\" sizes=\"(max-width: 200px) 100vw, 200px\" \/><\/td>\n<td style=\"height: 24px; width: 13.6792%; text-align: center;\">RW3-8Boz E\/F<\/td>\n<td style=\"height: 24px; width: 32.7451%; text-align: center;\">\u2300 90x \u2300 58x89H<\/td>\n<td style=\"height: 24px; width: 15.3868%; text-align: center;\">38,5x46x37,5<\/td>\n<td style=\"height: 24px; width: 8.91947%; text-align: center;\">500<\/td>\n<td style=\"height: 24px; width: 43.06%; text-align: center;\">1024<\/td>\n<\/tr>\n<tr style=\"height: 24px;\">\n<td style=\"height: 24px; width: 17.7646%;\"><\/td>\n<td style=\"height: 24px; width: 13.6792%; text-align: center;\">RW7-10oz E\/F<\/td>\n<td style=\"height: 24px; width: 32.7451%; text-align: center;\">\u2300 90x \u2300 60,3\u00d794,5H<\/td>\n<td style=\"height: 24px; width: 15.3868%; text-align: center;\">46&#215;46.5&#215;37.5<\/td>\n<td style=\"height: 24px; width: 8.91947%; text-align: center;\">500<\/td>\n<td style=\"height: 24px; width: 43.06%; text-align: center;\">848<\/td>\n<\/tr>\n<tr style=\"height: 24px;\">\n<td style=\"height: 24px; width: 17.7646%;\"><img loading=\"lazy\" decoding=\"async\" class=\"alignnone size-full wp-image-31245\" src=\"https:\/\/waterbasedcoatedpaper.cn\/wp-content\/uploads\/2025\/09\/4-paper-cup_11.avif\" alt=\"\" width=\"200\" height=\"220\" srcset=\"https:\/\/waterbasedcoatedpaper.cn\/wp-content\/uploads\/2025\/09\/4-paper-cup_11.avif 200w, https:\/\/waterbasedcoatedpaper.cn\/wp-content\/uploads\/2025\/09\/4-paper-cup_11-11x12.avif 11w, https:\/\/waterbasedcoatedpaper.cn\/wp-content\/uploads\/2025\/09\/4-paper-cup_11-150x165.avif 150w\" sizes=\"(max-width: 200px) 100vw, 200px\" \/><\/td>\n<td style=\"height: 24px; width: 13.6792%; text-align: center;\">RW4-12oz E\/F<\/td>\n<td style=\"height: 24px; width: 32.7451%; text-align: center;\">\u2300 90x \u2300 59,1x110H<\/td>\n<td style=\"height: 24px; width: 15.3868%; text-align: center;\">55x46x37,5<\/td>\n<td style=\"height: 24px; width: 8.91947%; text-align: center;\">500<\/td>\n<td style=\"height: 24px; width: 43.06%; text-align: center;\">717<\/td>\n<\/tr>\n<tr style=\"height: 24px;\">\n<td style=\"height: 24px; width: 17.7646%;\"><img loading=\"lazy\" decoding=\"async\" class=\"alignnone size-full wp-image-31246\" src=\"https:\/\/waterbasedcoatedpaper.cn\/wp-content\/uploads\/2025\/09\/4-paper-cup_12.avif\" alt=\"\" width=\"200\" height=\"220\" srcset=\"https:\/\/waterbasedcoatedpaper.cn\/wp-content\/uploads\/2025\/09\/4-paper-cup_12.avif 200w, https:\/\/waterbasedcoatedpaper.cn\/wp-content\/uploads\/2025\/09\/4-paper-cup_12-11x12.avif 11w, https:\/\/waterbasedcoatedpaper.cn\/wp-content\/uploads\/2025\/09\/4-paper-cup_12-150x165.avif 150w\" sizes=\"(max-width: 200px) 100vw, 200px\" \/><\/td>\n<td style=\"height: 24px; width: 13.6792%; text-align: center;\">RW5-16oz E\/F<\/td>\n<td style=\"height: 24px; width: 32.7451%; text-align: center;\">\u2300 90x \u2300 62x133H<\/td>\n<td style=\"height: 24px; width: 15.3868%; text-align: center;\">60x46x37,5<\/td>\n<td style=\"height: 24px; width: 8.91947%; text-align: center;\">500<\/td>\n<td style=\"height: 24px; width: 43.06%; text-align: center;\">657<\/td>\n<\/tr>\n<tr style=\"height: 24px;\">\n<td style=\"height: 24px; width: 17.7646%;\"><img loading=\"lazy\" decoding=\"async\" class=\"alignnone size-full wp-image-31247\" src=\"https:\/\/waterbasedcoatedpaper.cn\/wp-content\/uploads\/2025\/09\/4-paper-cup_13.avif\" alt=\"\" width=\"200\" height=\"220\" srcset=\"https:\/\/waterbasedcoatedpaper.cn\/wp-content\/uploads\/2025\/09\/4-paper-cup_13.avif 200w, https:\/\/waterbasedcoatedpaper.cn\/wp-content\/uploads\/2025\/09\/4-paper-cup_13-11x12.avif 11w, https:\/\/waterbasedcoatedpaper.cn\/wp-content\/uploads\/2025\/09\/4-paper-cup_13-150x165.avif 150w\" sizes=\"(max-width: 200px) 100vw, 200px\" \/><\/td>\n<td style=\"height: 24px; width: 13.6792%; text-align: center;\">RW6-20oz E\/F<\/td>\n<td style=\"height: 24px; width: 32.7451%; text-align: center;\">\u2300 90x \u2300 59x168H<\/td>\n<td style=\"height: 24px; width: 15.3868%; text-align: center;\">60x46x46<\/td>\n<td style=\"height: 24px; width: 8.91947%; text-align: center;\">450<\/td>\n<td style=\"height: 24px; width: 43.06%; text-align: center;\">536<\/td>\n<\/tr>\n<\/tbody>\n<\/table>\n<\/div>\n<p>&nbsp;<\/p>\n<div class=\"protitle1\">Caract\u00e9ristiques<\/div>\n<div class=\"row\">\n<div class=\"col-md-6\">\n<ul>\n<li>Impression personnalis\u00e9e<\/li>\n<li>Utilisation pour l&#039;alimentation<\/li>\n<li>Conductivit\u00e9 thermique extr\u00eamement faible<\/li>\n<li>Ensemble de tasses \u00e0 caf\u00e9 parfait<\/li>\n<li>Robuste et durable<\/li>\n<li>Ext\u00e9rieur au toucher froid<\/li>\n<\/ul>\n<\/div>\n<div class=\"col-md-6\">\n<ul>\n<li>Recycl\u00e9<\/li>\n<li>Mat\u00e9riau : papier pour gobelet 250 g\/m\u00b2 + rev\u00eatement PE 18 g\/m\u00b2 + papier kraft 120 g\/m\u00b2 x 2<\/li>\n<li>Couleur : blanc, noir, marron ou LOGO personnalis\u00e9<\/li>\n<li>Tailles disponibles : 4 oz, 8 oz, 10 oz, 12 oz, 16 oz, 20 oz<\/li>\n<li>Quantit\u00e9 minimale de commande\u00a0: 50\u00a0000 pi\u00e8ces<\/li>\n<\/ul>\n<\/div>\n<\/div>\n<p>&nbsp;<\/p>","protected":false},"excerpt":{"rendered":"<p>Le gobelet en carton est un gobelet jetable isotherme con\u00e7u pour \u00e9viter les fuites d&#039;eau gr\u00e2ce \u00e0 son rev\u00eatement int\u00e9rieur et ext\u00e9rieur en film plastique ou en cire imperm\u00e9able. Les logos et motifs peuvent \u00eatre personnalis\u00e9s selon vos besoins\u00a0: film r\u00e9sistant aux intemp\u00e9ries, finitions brillantes ou mates, motifs ondul\u00e9s et impression en relief. Ce gobelet pour boissons chaudes est id\u00e9al pour contenir de l&#039;eau chaude, du caf\u00e9, du th\u00e9, du lait, des boissons froides, etc.<\/p>","protected":false},"featured_media":31235,"comment_status":"open","ping_status":"closed","template":"","meta":[],"product_brand":[],"product_cat":[135,129,151],"product_tag":[],"class_list":{"0":"post-31232","1":"product","2":"type-product","3":"status-publish","4":"has-post-thumbnail","6":"product_cat-paper-cups","7":"product_cat-coffee-shop","8":"product_cat-paper-coffee-cups","10":"first","11":"instock","12":"shipping-taxable","13":"product-type-simple"},"_links":{"self":[{"href":"https:\/\/waterbasedcoatedpaper.cn\/fr\/wp-json\/wp\/v2\/product\/31232","targetHints":{"allow":["GET"]}}],"collection":[{"href":"https:\/\/waterbasedcoatedpaper.cn\/fr\/wp-json\/wp\/v2\/product"}],"about":[{"href":"https:\/\/waterbasedcoatedpaper.cn\/fr\/wp-json\/wp\/v2\/types\/product"}],"replies":[{"embeddable":true,"href":"https:\/\/waterbasedcoatedpaper.cn\/fr\/wp-json\/wp\/v2\/comments?post=31232"}],"version-history":[{"count":6,"href":"https:\/\/waterbasedcoatedpaper.cn\/fr\/wp-json\/wp\/v2\/product\/31232\/revisions"}],"predecessor-version":[{"id":31343,"href":"https:\/\/waterbasedcoatedpaper.cn\/fr\/wp-json\/wp\/v2\/product\/31232\/revisions\/31343"}],"wp:featuredmedia":[{"embeddable":true,"href":"https:\/\/waterbasedcoatedpaper.cn\/fr\/wp-json\/wp\/v2\/media\/31235"}],"wp:attachment":[{"href":"https:\/\/waterbasedcoatedpaper.cn\/fr\/wp-json\/wp\/v2\/media?parent=31232"}],"wp:term":[{"taxonomy":"product_brand","embeddable":true,"href":"https:\/\/waterbasedcoatedpaper.cn\/fr\/wp-json\/wp\/v2\/product_brand?post=31232"},{"taxonomy":"product_cat","embeddable":true,"href":"https:\/\/waterbasedcoatedpaper.cn\/fr\/wp-json\/wp\/v2\/product_cat?post=31232"},{"taxonomy":"product_tag","embeddable":true,"href":"https:\/\/waterbasedcoatedpaper.cn\/fr\/wp-json\/wp\/v2\/product_tag?post=31232"}],"curies":[{"name":"wp","href":"https:\/\/api.w.org\/{rel}","templated":true}]}}